{"id":1633,"date":"2022-10-10T10:08:58","date_gmt":"2022-10-10T10:08:58","guid":{"rendered":"https:\/\/www.ift.uam-csic.es\/severoochoa\/?page_id=1633"},"modified":"2022-10-10T10:31:45","modified_gmt":"2022-10-10T10:31:45","slug":"ift-miembros-comite","status":"publish","type":"page","link":"https:\/\/www.ift.uam-csic.es\/severoochoa\/es\/ift-miembros-comite\/","title":{"rendered":"Miembros del Comit\u00e9 Asesor del IFT"},"content":{"rendered":"\n<p>El proyecto Severo Ochoa del IFT incluye proporciona un marco al programa estrat\u00e9gico de Visitantes de Excelencia, que incluye el nombramiento de Profesores Distinguidos Severo Ochoa IFT, a cient\u00edficos reconocidos como l\u00edderes internacionales en los campos de F\u00edsica de Part\u00edculas, Astropart\u00edculas, Cosmolog\u00eda e Informaci\u00f3n Cu\u00e1ntica. El objetivo de este programa es reforzar y fomentar la colaboraci\u00f3n de los equipos del IFT con estos investigadores y sus instituciones, y enriquecer el estimulante ambiente de investigaci\u00f3n en el IFT a trav\u00e9s de sus visitas.<\/p>\n\n\n\n<div class=\"item-page\">\n<p><!--   imagen ---------------------------------------------------------------------------------------------------------------------------><\/p>\n<div class=\"media\"><a class=\"pull-left\" href=\"#\"><img loading=\"lazy\" class=\"media-object\" src=\"..\/..\/wp-content\/uploads\/2017\/11\/alvarez-gaume3.jpg\" alt=\"Prof. Luis \u00c1lvarez-Gaum\u00e9 from Simons Center for Geometry and Physics, Stony Brook\" width=\"170\" height=\"244\"> <\/a>\n<p>&nbsp;<\/p>\n<div class=\"media-body\">\n<h4 class=\"media-heading\" style=\"margin-left: 10px; color: #3c668f;\">Prof. Luis \u00c1lvarez-Gaum\u00e9<\/h4>\n<h5 class=\"media-heading\" style=\"margin-left: 10px; color: #869fb9;\">Simons Center for Geometry and Physics, Stony Brook<\/h5>\n<p style=\"margin-left: 10px; text-align: justify; font-size: 14px;\">\nEl Prof. \u00c1lvarez-Gaum\u00e9 es un experto de renombre mundial en teor\u00eda de cuerdas, teor\u00eda cu\u00e1ntica de campos, especialmente teor\u00edas supersim\u00e9tricas y f\u00edsica matem\u00e1tica. Sus contribuciones fueron pioneras en el estudio de anomal\u00edas cu\u00e1nticas y gravitacionales en t\u00e9rminos de teoremas de \u00edndice topol\u00f3gico. Su trabajo abarca una variedad de temas diferentes, incluida la teor\u00eda de la perturbaci\u00f3n de cuerdas en \u00f3rdenes superiores, las teor\u00edas cu\u00e1nticas de campos en las superficies de Riemann, los grupos cu\u00e1nticos, as\u00ed como las dualidades y los agujeros negros en la teor\u00eda de cuerdas. Fue Jefe del grupo de Teor\u00eda del CERN en 2008-15, y Director del Centro Simons de Geometr\u00eda y F\u00edsica desde 2016.\n<\/p>\n<\/div>\n<\/div>\n<p><!--  imagen ---------------------------------------------------------------------------------------------------------------------------><\/p>\n<div class=\"media\"><a class=\"pull-left\" href=\"#\"> <img loading=\"lazy\" class=\"media-object\" src=\"http:\/\/www.ift.uam-csic.es\/severoochoa\/wp-content\/uploads\/2022\/10\/buonanno.jpeg\" alt=\"Prof. Alessandra Buonanno\" width=\"170\" height=\"244\"> <\/a>\n<p>&nbsp;<\/p>\n<div class=\"media-body\">\n<h4 class=\"media-heading\" style=\"margin-left: 10px; color: #3c668f;\">Prof. Alessandra Buonanno<\/h4>\n<h5 class=\"media-heading\" style=\"margin-left: 10px; color: #869fb9;\">Albert Einstein Institute, Potsdam<\/h5>\n<p style=\"margin-left: 10px; text-align: justify; font-size: 14px;\">Prof. Buonanno is the Max director Planck Institute for Gravitational Physics (Albert Einstein Institute) in Potsdam, and holds chairs at the University of Maryland and the Humboldt University in Berlin. She is well-known for her pioneering research in gravitational physics, and for being one of the leading figures in the first observation of gravitational waves by the LIGO Scientific Collaboration. She is the recipient of the 2021 Dirac Medal.<\/p>\n<\/div>\n<\/div>\n<p><!--  imagen ---------------------------------------------------------------------------------------------------------------------------><\/p>\n<div class=\"media\"><a class=\"pull-left\" href=\"#\"> <img loading=\"lazy\" class=\"media-object\" src=\"http:\/\/www.ift.uam-csic.es\/severoochoa\/wp-content\/uploads\/2017\/12\/okay.png\" alt=\"Prof. Graciela Gelmini de la Universidad de California Los Angeles\" width=\"170\" height=\"260\"> <\/a>\n<p>&nbsp;<\/p>\n<div class=\"media-body\">\n<h4 class=\"media-heading\" style=\"margin-left: 10px; color: #3c668f;\">Prof. Graciela Gelmini<\/h4>\n<h5 class=\"media-heading\" style=\"margin-left: 10px; color: #869fb9;\">Universidad de California Los Angeles<\/h5>\n<p>&nbsp;<\/p>\n<p style=\"margin-left: 10px; text-align: justify; font-size: 14px;\">La Prof. Gelmini es una experta internacional en la F\u00edsica de Astropart\u00edculas, un campo en el que ha realizado contribuciones destacadas en el estudio de rayos c\u00f3smicos de alta energ\u00eda, en F\u00edsica de neutrinos, y especialmente en el problema de la naturaleza de la materia oscura cosmol\u00f3gica, incluyendo el an\u00e1lisis de posibles candidatos a part\u00edculas de materia oscura y su observaci\u00f3n en experimentos de detecci\u00f3n directa. Es adem\u00e1s miembro del Centro de F\u00edsica de Aspen, como Presidenta del Comit\u00e9 de Diversidad. En 2004 fue nombrada Fellow de la American Physical Society.<\/p>\n<\/div>\n<\/div>\n<p><!--  Quinta imagen ---------------------------------------------------------------------------------------------------------------------------><\/p>\n<div class=\"media\"><a class=\"pull-left\" href=\"#\"> <img loading=\"lazy\" class=\"media-object\" src=\"..\/..\/wp-content\/uploads\/2017\/11\/Maiani.jpg\" alt=\"Prof. Luciano Maiani from University of Roma, La Sapienza\" width=\"170\" height=\"244\"> <\/a>\n<p>&nbsp;<\/p>\n<div class=\"media-body\">\n<h4 class=\"media-heading\" style=\"margin-left: 10px; color: #3c668f;\">Prof. Luciano Maiani<\/h4>\n<h5 class=\"media-heading\" style=\"margin-left: 10px; color: #869fb9;\">Universidad de Roma, La Sapienza<\/h5>\n<p>&nbsp;<\/p>\n<p style=\"margin-left: 10px; text-align: justify; font-size: 14px;\">El Prof. Maiani es una referencia mundial en el campo de la F\u00edsica de Part\u00edculas. Ha realizado contribuciones fundamentales como el mecanismo de Glashow-Iliopoulos-Maiani (GIM) que di\u00f3 lugar a la predicci\u00f3n del quark charm y que ha resultado esencial a la hora de formular una teor\u00eda unificada de las interacciones electrod\u00e9biles. Ha recibido numerosos galardones como la Medalla Matteucci en 1979, el Premio Sakurai en 1987 y la Medalla Dirac en 2007. En 2011 recibi\u00f3 el Premio de Altas Energ\u00edas y F\u00edsica de Part\u00edculas de la European Physical Society y en 2015 el Premio Pontecorvo. Ha sido Presidente del Instituto Nazionale di Fisica Nucleare (INFN) en Italia de 1993 a 1998, y Director General del CERN de 1999 a 2003.<\/p>\n<\/div>\n<\/div>\n<p><!-- imagen ---------------------------------------------------------------------------------------------------------------------------><\/p>\n<div class=\"media\"><a class=\"pull-left\" href=\"#\"> <img loading=\"lazy\" class=\"media-object\" src=\"..\/..\/wp-content\/uploads\/2022\/10\/mangano.jpeg\" alt=\"Prof. Michelangelo Mangano\" width=\"170\" height=\"244\"> <\/a>\n<p>&nbsp;<\/p>\n<div class=\"media-body\">\n<h4 class=\"media-heading\" style=\"margin-left: 10px; color: #3c668f;\">Prof. Michelangelo Mangano<\/h4>\n<h5 class=\"media-heading\" style=\"margin-left: 10px; color: #869fb9;\">CERN<\/h5>\n<p style=\"margin-left: 10px; text-align: justify; font-size: 14px;\">Prof. Mangano is a world-leading researcher in Particle Physics, specializing in the boundary between theory and experiments. His main area of expertise is the dynamics of high-energy particle collisions, and their use for the understanding of elementary particles and for the search and study of the fundamental interactions.<\/p>\n<\/div>\n<\/div>\n<p><!-- imagen ---------------------------------------------------------------------------------------------------------------------------><\/p>\n<div class=\"media\"><a class=\"pull-left\" href=\"#\"><img loading=\"lazy\" class=\"media-object\" src=\"..\/..\/wp-content\/uploads\/2022\/10\/quevedo.jpeg\" alt=\"Prof. Fernando Quevedo\" width=\"170\" height=\"244\"> <\/a>\n<p>&nbsp;<\/p>\n<div class=\"media-body\">\n<h4 class=\"media-heading\" style=\"margin-left: 10px; color: #3c668f;\">Prof. Fernando Quevedo<\/h4>\n<h5 class=\"media-heading\" style=\"margin-left: 10px; color: #869fb9;\">University of Cambridge<\/h5>\n<p style=\"margin-left: 10px; text-align: justify; font-size: 14px;\">Prof. Quevedo is a world-renowned expert in string theory. He has dedicated an important part of his career to the articulation of the international science system, including a long period as the director of the ICTP in Trieste. Among other recognitions, he is a recipient of the Royal Society Wolfson Research Merit Award.<\/p>\n<\/div>\n<\/div>\n<p><!-- Nueve imagen ---------------------------------------------------------------------------------------------------------------------------><\/p>\n<\/div>\n","protected":false},"excerpt":{"rendered":"<p>El proyecto Severo Ochoa del IFT incluye proporciona un marco al programa estrat\u00e9gico de Visitantes de Excelencia, que incluye el [&hellip;]<\/p>\n","protected":false},"author":6,"featured_media":0,"parent":0,"menu_order":0,"comment_status":"closed","ping_status":"closed","template":"","meta":[],"yoast_head":"<!-- This site is optimized with the Yoast SEO plugin v16.0.2 - https:\/\/yoast.com\/wordpress\/plugins\/seo\/ -->\n<title>Severo Ochoa Profesores Distinguidos - Instituto de F\u00edsica Te\u00f3rica<\/title>\n<meta name=\"description\" content=\"Profesores Distinguidos Severo Ochoa IFT son incluidos en el proyecto proporcionando un marco al programa estrat\u00e9gico de Visitantes de Excelencia.\" \/>\n<link rel=\"canonical\" href=\"https:\/\/www.ift.uam-csic.es\/severoochoa\/es\/ift-miembros-comite\/\" \/>\n<meta property=\"og:locale\" content=\"es_ES\" \/>\n<meta property=\"og:type\" content=\"article\" \/>\n<meta property=\"og:title\" content=\"Severo Ochoa Profesores Distinguidos - Instituto de F\u00edsica Te\u00f3rica\" \/>\n<meta property=\"og:description\" content=\"Profesores Distinguidos Severo Ochoa IFT son incluidos en el proyecto proporcionando un marco al programa estrat\u00e9gico de Visitantes de Excelencia.\" \/>\n<meta property=\"og:url\" content=\"https:\/\/www.ift.uam-csic.es\/severoochoa\/es\/ift-miembros-comite\/\" \/>\n<meta property=\"og:site_name\" content=\"Severo Ochoa\" \/>\n<meta property=\"article:publisher\" content=\"https:\/\/www.facebook.com\/IFT-444787088891187\/\" \/>\n<meta property=\"article:modified_time\" content=\"2022-10-10T10:31:45+00:00\" \/>\n<meta property=\"og:image\" content=\"http:\/\/..\/..\/wp-content\/uploads\/2017\/11\/alvarez-gaume3.jpg\" \/>\n<meta name=\"twitter:card\" content=\"summary\" \/>\n<meta name=\"twitter:site\" content=\"@IFT_UAM_CSIC\" \/>\n<meta name=\"twitter:label1\" content=\"Est. reading time\">\n\t<meta name=\"twitter:data1\" content=\"4 minutos\">\n<script type=\"application\/ld+json\" class=\"yoast-schema-graph\">{\"@context\":\"https:\/\/schema.org\",\"@graph\":[{\"@type\":\"WebSite\",\"@id\":\"https:\/\/www.ift.uam-csic.es\/severoochoa\/en\/introduction\/#website\",\"url\":\"https:\/\/www.ift.uam-csic.es\/severoochoa\/en\/introduction\/\",\"name\":\"Severo Ochoa\",\"description\":\"Severo Ochoa website of IFT\",\"potentialAction\":[{\"@type\":\"SearchAction\",\"target\":\"https:\/\/www.ift.uam-csic.es\/severoochoa\/en\/introduction\/?s={search_term_string}\",\"query-input\":\"required name=search_term_string\"}],\"inLanguage\":\"es\"},{\"@type\":\"ImageObject\",\"@id\":\"https:\/\/www.ift.uam-csic.es\/severoochoa\/es\/ift-miembros-comite\/#primaryimage\",\"inLanguage\":\"es\",\"url\":\"..\/..\/wp-content\/uploads\/2017\/11\/alvarez-gaume3.jpg\"},{\"@type\":\"WebPage\",\"@id\":\"https:\/\/www.ift.uam-csic.es\/severoochoa\/es\/ift-miembros-comite\/#webpage\",\"url\":\"https:\/\/www.ift.uam-csic.es\/severoochoa\/es\/ift-miembros-comite\/\",\"name\":\"Severo Ochoa Profesores Distinguidos - Instituto de F\\u00edsica Te\\u00f3rica\",\"isPartOf\":{\"@id\":\"https:\/\/www.ift.uam-csic.es\/severoochoa\/en\/introduction\/#website\"},\"primaryImageOfPage\":{\"@id\":\"https:\/\/www.ift.uam-csic.es\/severoochoa\/es\/ift-miembros-comite\/#primaryimage\"},\"datePublished\":\"2022-10-10T10:08:58+00:00\",\"dateModified\":\"2022-10-10T10:31:45+00:00\",\"description\":\"Profesores Distinguidos Severo Ochoa IFT son incluidos en el proyecto proporcionando un marco al programa estrat\\u00e9gico de Visitantes de Excelencia.\",\"breadcrumb\":{\"@id\":\"https:\/\/www.ift.uam-csic.es\/severoochoa\/es\/ift-miembros-comite\/#breadcrumb\"},\"inLanguage\":\"es\",\"potentialAction\":[{\"@type\":\"ReadAction\",\"target\":[\"https:\/\/www.ift.uam-csic.es\/severoochoa\/es\/ift-miembros-comite\/\"]}]},{\"@type\":\"BreadcrumbList\",\"@id\":\"https:\/\/www.ift.uam-csic.es\/severoochoa\/es\/ift-miembros-comite\/#breadcrumb\",\"itemListElement\":[{\"@type\":\"ListItem\",\"position\":1,\"item\":{\"@type\":\"WebPage\",\"@id\":\"https:\/\/www.ift.uam-csic.es\/severoochoa\/es\/introduccion\/\",\"url\":\"https:\/\/www.ift.uam-csic.es\/severoochoa\/es\/introduccion\/\",\"name\":\"Portada\"}},{\"@type\":\"ListItem\",\"position\":2,\"item\":{\"@type\":\"WebPage\",\"@id\":\"https:\/\/www.ift.uam-csic.es\/severoochoa\/es\/ift-miembros-comite\/\",\"url\":\"https:\/\/www.ift.uam-csic.es\/severoochoa\/es\/ift-miembros-comite\/\",\"name\":\"Miembros del Comit\\u00e9 Asesor del IFT\"}}]}]}<\/script>\n<!-- \/ Yoast SEO plugin. -->","_links":{"self":[{"href":"https:\/\/www.ift.uam-csic.es\/severoochoa\/wp-json\/wp\/v2\/pages\/1633"}],"collection":[{"href":"https:\/\/www.ift.uam-csic.es\/severoochoa\/wp-json\/wp\/v2\/pages"}],"about":[{"href":"https:\/\/www.ift.uam-csic.es\/severoochoa\/wp-json\/wp\/v2\/types\/page"}],"author":[{"embeddable":true,"href":"https:\/\/www.ift.uam-csic.es\/severoochoa\/wp-json\/wp\/v2\/users\/6"}],"replies":[{"embeddable":true,"href":"https:\/\/www.ift.uam-csic.es\/severoochoa\/wp-json\/wp\/v2\/comments?post=1633"}],"version-history":[{"count":11,"href":"https:\/\/www.ift.uam-csic.es\/severoochoa\/wp-json\/wp\/v2\/pages\/1633\/revisions"}],"predecessor-version":[{"id":1653,"href":"https:\/\/www.ift.uam-csic.es\/severoochoa\/wp-json\/wp\/v2\/pages\/1633\/revisions\/1653"}],"wp:attachment":[{"href":"https:\/\/www.ift.uam-csic.es\/severoochoa\/wp-json\/wp\/v2\/media?parent=1633"}],"curies":[{"name":"wp","href":"https:\/\/api.w.org\/{rel}","templated":true}]}}