{"id":234,"date":"2017-08-01T08:23:39","date_gmt":"2017-08-01T08:23:39","guid":{"rendered":"http:\/\/www.ift.uam-csic.es\/severo\/?page_id=234"},"modified":"2017-09-07T07:49:33","modified_gmt":"2017-09-07T07:49:33","slug":"steering-committee","status":"publish","type":"page","link":"https:\/\/www.ift.uam-csic.es\/severoochoa\/en\/steering-committee\/","title":{"rendered":"Steering Committee"},"content":{"rendered":"<p class=\"western\" lang=\"en-GB\" style=\"margin-bottom: 0cm;\" align=\"JUSTIFY\"><span style=\"font-size: 14px;\"><b>Scientific Director<\/b> &#8211; Luis E. Ib\u00e1\u00f1ez<br \/>\n<\/span><\/p>\n<p lang=\"en-GB\" align=\"JUSTIFY\">\n<p lang=\"en-GB\" align=\"JUSTIFY\">\n<p class=\"western\" lang=\"en-GB\" style=\"margin-bottom: 0cm;\" align=\"JUSTIFY\"><span style=\"font-size: 14px;\"><strong>Deputy Scientific Director<\/strong> &#8211; \u00c1ngel Uranga<\/span><\/p>\n<p lang=\"en-GB\" align=\"JUSTIFY\">\n<p lang=\"en-GB\" align=\"JUSTIFY\">\n<p class=\"western\" lang=\"en-GB\" style=\"margin-bottom: 0cm;\" align=\"JUSTIFY\"><span style=\"font-size: 14px;\"><b>Steering Committee<\/b><\/span><\/p>\n<p lang=\"en-GB\" align=\"JUSTIFY\">\n<p class=\"western\" lang=\"en-GB\" style=\"text-indent: 0.03cm; margin-bottom: 0cm;\" align=\"JUSTIFY\"><span style=\"font-size: 14px;\">Luis E. Ib\u00e1\u00f1ez<\/span><\/p>\n<p class=\"western\" lang=\"en-GB\" style=\"text-indent: 0.03cm; margin-bottom: 0cm;\" align=\"JUSTIFY\"><span style=\"font-size: 14px;\">\u00c1ngel Uranga<\/span><\/p>\n<p class=\"western\" lang=\"en-GB\" style=\"margin-bottom: 0cm;\" align=\"JUSTIFY\"><span style=\"font-size: 14px;\">Jos\u00e9 L. F. Barb\u00f3n<\/span><\/p>\n<p class=\"western\" lang=\"en-GB\" style=\"margin-bottom: 0cm;\" align=\"JUSTIFY\"><span style=\"font-size: 14px;\">Margarita Garc\u00eda P\u00e9rez<\/span><\/p>\n<p class=\"western\" lang=\"en-GB\" style=\"text-indent: 0.03cm; margin-bottom: 0cm;\" align=\"JUSTIFY\"><span style=\"font-size: 14px;\">Juan Garc\u00eda-Bellido<\/span><\/p>\n<p class=\"western\" lang=\"en-GB\" style=\"text-indent: 0.03cm; margin-bottom: 0cm;\" align=\"JUSTIFY\"><span style=\"font-size: 14px;\">Karl Landsteiner<\/span><span style=\"font-size: 14px; line-height: 1.3em;\">\u00a0<\/span><\/p>\n<p class=\"western\" lang=\"en-GB\" style=\"text-indent: 0.03cm; margin-bottom: 0cm;\" align=\"JUSTIFY\"><span style=\"font-size: 14px;\">Jes\u00fas Moreno<\/span><span style=\"font-size: 14px; line-height: 1.3em;\">\u00a0<\/span><\/p>\n","protected":false},"excerpt":{"rendered":"<p>Scientific Director &#8211; Luis E. Ib\u00e1\u00f1ez Deputy Scientific Director &#8211; \u00c1ngel Uranga Steering Committee Luis E. Ib\u00e1\u00f1ez \u00c1ngel Uranga Jos\u00e9 [&hellip;]<\/p>\n","protected":false},"author":1,"featured_media":0,"parent":0,"menu_order":0,"comment_status":"closed","ping_status":"closed","template":"","meta":[],"yoast_head":"<!-- This site is optimized with the Yoast SEO plugin v16.0.2 - https:\/\/yoast.com\/wordpress\/plugins\/seo\/ -->\n<title>Severo Ochoa Steering Committee - Institute for Theoretical Physics<\/title>\n<meta name=\"description\" content=\"Severo Ochoa Steering Committee of Institute for Theoretical Physics\" \/>\n<link rel=\"canonical\" href=\"https:\/\/www.ift.uam-csic.es\/severoochoa\/en\/steering-committee\/\" \/>\n<meta property=\"og:locale\" content=\"es_ES\" \/>\n<meta property=\"og:type\" content=\"article\" \/>\n<meta property=\"og:title\" content=\"Severo Ochoa Steering Committee - Institute for Theoretical Physics\" \/>\n<meta property=\"og:description\" content=\"Severo Ochoa Steering Committee of Institute for Theoretical Physics\" \/>\n<meta property=\"og:url\" content=\"https:\/\/www.ift.uam-csic.es\/severoochoa\/en\/steering-committee\/\" \/>\n<meta property=\"og:site_name\" content=\"Severo Ochoa\" \/>\n<meta property=\"article:publisher\" content=\"https:\/\/www.facebook.com\/IFT-444787088891187\/\" \/>\n<meta property=\"article:modified_time\" content=\"2017-09-07T07:49:33+00:00\" \/>\n<meta name=\"twitter:card\" content=\"summary\" \/>\n<meta name=\"twitter:site\" content=\"@IFT_UAM_CSIC\" \/>\n<script type=\"application\/ld+json\" class=\"yoast-schema-graph\">{\"@context\":\"https:\/\/schema.org\",\"@graph\":[{\"@type\":\"WebSite\",\"@id\":\"https:\/\/www.ift.uam-csic.es\/severoochoa\/en\/introduction\/#website\",\"url\":\"https:\/\/www.ift.uam-csic.es\/severoochoa\/en\/introduction\/\",\"name\":\"Severo Ochoa\",\"description\":\"Severo Ochoa website of IFT\",\"potentialAction\":[{\"@type\":\"SearchAction\",\"target\":\"https:\/\/www.ift.uam-csic.es\/severoochoa\/en\/introduction\/?s={search_term_string}\",\"query-input\":\"required name=search_term_string\"}],\"inLanguage\":\"es\"},{\"@type\":\"WebPage\",\"@id\":\"https:\/\/www.ift.uam-csic.es\/severoochoa\/en\/steering-committee\/#webpage\",\"url\":\"https:\/\/www.ift.uam-csic.es\/severoochoa\/en\/steering-committee\/\",\"name\":\"Severo Ochoa Steering Committee - Institute for Theoretical Physics\",\"isPartOf\":{\"@id\":\"https:\/\/www.ift.uam-csic.es\/severoochoa\/en\/introduction\/#website\"},\"datePublished\":\"2017-08-01T08:23:39+00:00\",\"dateModified\":\"2017-09-07T07:49:33+00:00\",\"description\":\"Severo Ochoa Steering Committee of Institute for Theoretical Physics\",\"breadcrumb\":{\"@id\":\"https:\/\/www.ift.uam-csic.es\/severoochoa\/en\/steering-committee\/#breadcrumb\"},\"inLanguage\":\"es\",\"potentialAction\":[{\"@type\":\"ReadAction\",\"target\":[\"https:\/\/www.ift.uam-csic.es\/severoochoa\/en\/steering-committee\/\"]}]},{\"@type\":\"BreadcrumbList\",\"@id\":\"https:\/\/www.ift.uam-csic.es\/severoochoa\/en\/steering-committee\/#breadcrumb\",\"itemListElement\":[{\"@type\":\"ListItem\",\"position\":1,\"item\":{\"@type\":\"WebPage\",\"@id\":\"https:\/\/www.ift.uam-csic.es\/severoochoa\/es\/introduccion\/\",\"url\":\"https:\/\/www.ift.uam-csic.es\/severoochoa\/es\/introduccion\/\",\"name\":\"Portada\"}},{\"@type\":\"ListItem\",\"position\":2,\"item\":{\"@type\":\"WebPage\",\"@id\":\"https:\/\/www.ift.uam-csic.es\/severoochoa\/en\/steering-committee\/\",\"url\":\"https:\/\/www.ift.uam-csic.es\/severoochoa\/en\/steering-committee\/\",\"name\":\"Steering Committee\"}}]}]}<\/script>\n<!-- \/ Yoast SEO plugin. -->","_links":{"self":[{"href":"https:\/\/www.ift.uam-csic.es\/severoochoa\/wp-json\/wp\/v2\/pages\/234"}],"collection":[{"href":"https:\/\/www.ift.uam-csic.es\/severoochoa\/wp-json\/wp\/v2\/pages"}],"about":[{"href":"https:\/\/www.ift.uam-csic.es\/severoochoa\/wp-json\/wp\/v2\/types\/page"}],"author":[{"embeddable":true,"href":"https:\/\/www.ift.uam-csic.es\/severoochoa\/wp-json\/wp\/v2\/users\/1"}],"replies":[{"embeddable":true,"href":"https:\/\/www.ift.uam-csic.es\/severoochoa\/wp-json\/wp\/v2\/comments?post=234"}],"version-history":[{"count":10,"href":"https:\/\/www.ift.uam-csic.es\/severoochoa\/wp-json\/wp\/v2\/pages\/234\/revisions"}],"predecessor-version":[{"id":770,"href":"https:\/\/www.ift.uam-csic.es\/severoochoa\/wp-json\/wp\/v2\/pages\/234\/revisions\/770"}],"wp:attachment":[{"href":"https:\/\/www.ift.uam-csic.es\/severoochoa\/wp-json\/wp\/v2\/media?parent=234"}],"curies":[{"name":"wp","href":"https:\/\/api.w.org\/{rel}","templated":true}]}}