{"id":55,"date":"2017-07-31T08:26:05","date_gmt":"2017-07-31T08:26:05","guid":{"rendered":"http:\/\/www.ift.uam-csic.es\/severo\/?page_id=55"},"modified":"2022-05-11T12:01:28","modified_gmt":"2022-05-11T12:01:28","slug":"introduccion","status":"publish","type":"page","link":"https:\/\/www.ift.uam-csic.es\/severoochoa\/es\/introduccion\/","title":{"rendered":"Introducci\u00f3n"},"content":{"rendered":"<h4>Nuestra bienvenida a la p\u00e1gina web del Programa Severo Ochoa, SO (IFT), del\u00a0Instituto de F\u00edsica Te\u00f3rica (IFT) UAM-CSIC.<\/h4>\n<p>El SO (IFT) se basa en la financiaci\u00f3n otorgada por la Secretar\u00eda de Estado de Investigaci\u00f3n, Desarrollo e Innovaci\u00f3n, en reconocimiento al IFT como el centro de excelencia para la investigaci\u00f3n en f\u00edsica te\u00f3rica, tras una exhaustiva evaluaci\u00f3n por un panel internacional de expertos en diversas \u00e1reas del conocimiento.<\/p>\n<p>La acreditaci\u00f3n Centro de Excelencia Severo Ochoa por<b> <\/b>el periodo 2013-2017 ha sido renovada en dos ocasiones, primero para el periodo 2017-2021 y recientemente para el per\u00edodo 2022-2025. Estas p\u00e1ginas recogen las actividades del SO(IFT) en el periodo 2022-25; para m\u00e1s informaci\u00f3n sobre las actividades 2017-21, ver\u00a0 <a href=\"https:\/\/www.ift.uam-csic.es\/severoochoa2017-21\/\"><b>enlace<\/b><\/a><\/p>\n<p>El SO (IFT) se articula en torno a cuatro l\u00edneas de investigaci\u00f3n principales:<\/p>\n<p>\u2022\u00a0\u00a0\u00a0 <span id=\"page1R_mcid15\" class=\"markedContent\"><span dir=\"ltr\" role=\"presentation\">F\u00edsica de part\u00edculas en el Modelo Est\u00e1ndar y m\u00e1s all\u00e1 (BSM)<\/span><span class=\"markedContent\"><span dir=\"ltr\" role=\"presentation\">.<\/span><\/span><\/span><br \/>\n\u2022\u00a0\u00a0 <span id=\"page1R_mcid16\" class=\"markedContent\"><span dir=\"ltr\" role=\"presentation\">Origen y composici\u00f3n del Universo. Astropart\u00edculas y cosmolog\u00eda (Astro\/<\/span><span dir=\"ltr\" role=\"presentation\">Cosmo<\/span><span class=\"markedContent\"><span dir=\"ltr\" role=\"presentation\">)<\/span><\/span><\/span>.<br \/>\n\u2022\u00a0\u00a0 <span id=\"page1R_mcid17\" class=\"markedContent\"><span dir=\"ltr\" role=\"presentation\">Materia y campos cu\u00e1nticos (Quantum).<\/span><\/span><br \/>\n\u2022\u00a0\u00a0\u00a0<span id=\"page1R_mcid18\" class=\"markedContent\"><span dir=\"ltr\" role=\"presentation\">Gravedad cu\u00e1ntica y teor\u00eda de cuerdas (Gravity\/Strings)<\/span><span class=\"markedContent\"><span dir=\"ltr\" role=\"presentation\">.<\/span><\/span><\/span><\/p>\n<p>Las acciones del SO(IFT) se centran en fomentar los siguientes aspectos de la investigaci\u00f3n del IFT<\/p>\n<p style=\"padding-left: 30px;\">\u2022\u00a0\u00a0\u00a0 Aprovechar al m\u00e1ximo las instalaciones de su moderno edificio en el campus de la UAM, para la continuaci\u00f3n del programa de visitantes de excelencia del IFT, y la organizaci\u00f3n de congresos internacionales, programas extensos y escuelas avanzadas.<\/p>\n<p style=\"padding-left: 30px;\">\u2022\u00a0\u00a0\u00a0 Reforzar la pol\u00edtica de\u00a0recursos humanos del\u00a0IFT, manteniendo e incluso incrementando el atractivo y la competitividad internacional de nuestra oferta predoctoral y postdoctoral.<\/p>\n<p style=\"padding-left: 30px;\">\u2022\u00a0\u00a0\u00a0 Reforzar nuestras conexiones con grupos experimentales en el LHC as\u00ed como con grupos de Astropart\u00edculas y Cosmolog\u00eda.<\/p>\n<p style=\"padding-left: 30px;\">\u2022\u00a0\u00a0\u00a0 Mejorar nuestras instalaciones de Computaci\u00f3n de Alto Rendimiento, al nivel requerido por los nuevos desaf\u00edos cient\u00edficos.<\/p>\n<figure id=\"attachment_661\" aria-describedby=\"caption-attachment-661\" style=\"width: 177px\" class=\"wp-caption aligncenter\"><a href=\"https:\/\/www.ift.uam-csic.es\/severoochoa2013-17\/es\/\"><img loading=\"lazy\" class=\"wp-image-661 size-full\" title=\"SO 2013-17\" src=\"https:\/\/www.ift.uam-csic.es\/severoochoa\/wp-content\/uploads\/2017\/08\/severoOchoa-e1504621145904.png\" alt=\"SO 2013-17\" width=\"177\" height=\"100\" \/><\/a><figcaption id=\"caption-attachment-661\" class=\"wp-caption-text\"><a href=\"https:\/\/www.ift.uam-csic.es\/severoochoa2013-17\/es\/\">SO 2013-17<\/a><\/figcaption><\/figure>\n<p style=\"text-align: center;\">\n","protected":false},"excerpt":{"rendered":"<p>Nuestra bienvenida a la p\u00e1gina web del Programa Severo Ochoa, SO (IFT), del\u00a0Instituto de F\u00edsica Te\u00f3rica (IFT) UAM-CSIC. El SO [&hellip;]<\/p>\n","protected":false},"author":1,"featured_media":0,"parent":0,"menu_order":0,"comment_status":"closed","ping_status":"closed","template":"","meta":[],"yoast_head":"<!-- This site is optimized with the Yoast SEO plugin v16.0.2 - https:\/\/yoast.com\/wordpress\/plugins\/seo\/ -->\n<title>Introducci\u00f3n - Severo Ochoa<\/title>\n<meta name=\"description\" content=\"Introducci\u00f3n del Severo Ocho del Instituto de F\u00edsica Te\u00f3rica donde aparecer\u00e1n las noticias\" \/>\n<link rel=\"canonical\" href=\"https:\/\/www.ift.uam-csic.es\/severoochoa\/es\/introduccion\/\" \/>\n<meta property=\"og:locale\" content=\"es_ES\" \/>\n<meta property=\"og:type\" content=\"article\" \/>\n<meta property=\"og:title\" content=\"Introducci\u00f3n - Severo Ochoa\" \/>\n<meta property=\"og:description\" content=\"Introducci\u00f3n del Severo Ocho del Instituto de F\u00edsica Te\u00f3rica donde aparecer\u00e1n las noticias\" \/>\n<meta property=\"og:url\" content=\"https:\/\/www.ift.uam-csic.es\/severoochoa\/es\/introduccion\/\" \/>\n<meta property=\"og:site_name\" content=\"Severo Ochoa\" \/>\n<meta property=\"article:publisher\" content=\"https:\/\/www.facebook.com\/IFT-444787088891187\/\" \/>\n<meta property=\"article:modified_time\" content=\"2022-05-11T12:01:28+00:00\" \/>\n<meta property=\"og:image\" content=\"https:\/\/www.ift.uam-csic.es\/severoochoa\/wp-content\/uploads\/2017\/08\/severoOchoa-e1504621145904.png\" \/>\n<meta name=\"twitter:card\" content=\"summary\" \/>\n<meta name=\"twitter:site\" content=\"@IFT_UAM_CSIC\" \/>\n<meta name=\"twitter:label1\" content=\"Est. reading time\">\n\t<meta name=\"twitter:data1\" content=\"2 minutos\">\n<script type=\"application\/ld+json\" class=\"yoast-schema-graph\">{\"@context\":\"https:\/\/schema.org\",\"@graph\":[{\"@type\":\"WebSite\",\"@id\":\"https:\/\/www.ift.uam-csic.es\/severoochoa\/en\/introduction\/#website\",\"url\":\"https:\/\/www.ift.uam-csic.es\/severoochoa\/en\/introduction\/\",\"name\":\"Severo Ochoa\",\"description\":\"Severo Ochoa website of IFT\",\"potentialAction\":[{\"@type\":\"SearchAction\",\"target\":\"https:\/\/www.ift.uam-csic.es\/severoochoa\/en\/introduction\/?s={search_term_string}\",\"query-input\":\"required name=search_term_string\"}],\"inLanguage\":\"es\"},{\"@type\":\"ImageObject\",\"@id\":\"https:\/\/www.ift.uam-csic.es\/severoochoa\/es\/introduccion\/#primaryimage\",\"inLanguage\":\"es\",\"url\":\"https:\/\/www.ift.uam-csic.es\/severoochoa\/wp-content\/uploads\/2017\/08\/severoOchoa-e1504621145904.png\",\"width\":177,\"height\":100},{\"@type\":\"WebPage\",\"@id\":\"https:\/\/www.ift.uam-csic.es\/severoochoa\/es\/introduccion\/#webpage\",\"url\":\"https:\/\/www.ift.uam-csic.es\/severoochoa\/es\/introduccion\/\",\"name\":\"Introducci\\u00f3n - Severo Ochoa\",\"isPartOf\":{\"@id\":\"https:\/\/www.ift.uam-csic.es\/severoochoa\/en\/introduction\/#website\"},\"primaryImageOfPage\":{\"@id\":\"https:\/\/www.ift.uam-csic.es\/severoochoa\/es\/introduccion\/#primaryimage\"},\"datePublished\":\"2017-07-31T08:26:05+00:00\",\"dateModified\":\"2022-05-11T12:01:28+00:00\",\"description\":\"Introducci\\u00f3n del Severo Ocho del Instituto de F\\u00edsica Te\\u00f3rica donde aparecer\\u00e1n las noticias\",\"breadcrumb\":{\"@id\":\"https:\/\/www.ift.uam-csic.es\/severoochoa\/es\/introduccion\/#breadcrumb\"},\"inLanguage\":\"es\",\"potentialAction\":[{\"@type\":\"ReadAction\",\"target\":[\"https:\/\/www.ift.uam-csic.es\/severoochoa\/es\/introduccion\/\"]}]},{\"@type\":\"BreadcrumbList\",\"@id\":\"https:\/\/www.ift.uam-csic.es\/severoochoa\/es\/introduccion\/#breadcrumb\",\"itemListElement\":[{\"@type\":\"ListItem\",\"position\":1,\"item\":{\"@type\":\"WebPage\",\"@id\":\"https:\/\/www.ift.uam-csic.es\/severoochoa\/es\/introduccion\/\",\"url\":\"https:\/\/www.ift.uam-csic.es\/severoochoa\/es\/introduccion\/\",\"name\":\"Portada\"}},{\"@type\":\"ListItem\",\"position\":2,\"item\":{\"@type\":\"WebPage\",\"@id\":\"https:\/\/www.ift.uam-csic.es\/severoochoa\/es\/introduccion\/\",\"url\":\"https:\/\/www.ift.uam-csic.es\/severoochoa\/es\/introduccion\/\",\"name\":\"Introducci\\u00f3n\"}}]}]}<\/script>\n<!-- \/ Yoast SEO plugin. -->","_links":{"self":[{"href":"https:\/\/www.ift.uam-csic.es\/severoochoa\/wp-json\/wp\/v2\/pages\/55"}],"collection":[{"href":"https:\/\/www.ift.uam-csic.es\/severoochoa\/wp-json\/wp\/v2\/pages"}],"about":[{"href":"https:\/\/www.ift.uam-csic.es\/severoochoa\/wp-json\/wp\/v2\/types\/page"}],"author":[{"embeddable":true,"href":"https:\/\/www.ift.uam-csic.es\/severoochoa\/wp-json\/wp\/v2\/users\/1"}],"replies":[{"embeddable":true,"href":"https:\/\/www.ift.uam-csic.es\/severoochoa\/wp-json\/wp\/v2\/comments?post=55"}],"version-history":[{"count":33,"href":"https:\/\/www.ift.uam-csic.es\/severoochoa\/wp-json\/wp\/v2\/pages\/55\/revisions"}],"predecessor-version":[{"id":1526,"href":"https:\/\/www.ift.uam-csic.es\/severoochoa\/wp-json\/wp\/v2\/pages\/55\/revisions\/1526"}],"wp:attachment":[{"href":"https:\/\/www.ift.uam-csic.es\/severoochoa\/wp-json\/wp\/v2\/media?parent=55"}],"curies":[{"name":"wp","href":"https:\/\/api.w.org\/{rel}","templated":true}]}}